{"id":26,"date":"2025-05-19T15:55:55","date_gmt":"2025-05-19T20:55:55","guid":{"rendered":"https:\/\/ecoweb.com.co\/brand\/?page_id=26"},"modified":"2025-05-23T12:58:09","modified_gmt":"2025-05-23T17:58:09","slug":"success-stories","status":"publish","type":"page","link":"https:\/\/www.brandcoresocialhub.co\/english\/success-stories\/","title":{"rendered":"Success stories"},"content":{"rendered":"<div class=\"wpb-content-wrapper\"><p>[vc_row content_placement=&#8221;middle&#8221; css=&#8221;.vc_custom_1747789155479{margin-top: 5% !important;}&#8221; conditional_render=&#8221;%5B%7B%22value_role%22%3A%22administrator%22%7D%5D&#8221;][vc_column width=&#8221;2\/3&#8243;][vc_column_text css_animation=&#8221;zoomIn&#8221;]<\/p>\n<p style=\"font-size: 17pt; font-weight: bold; line-height: 1; color: #f6af33; text-align: left;\">Success stories<\/p>\n<p class=\"titulo\" style=\"font-size: 29pt; font-weight: bold; line-height: 1; color: #000000; text-align: left;\">Real feedback from those who trusted us.<\/p>\n<p>[\/vc_column_text][\/vc_column][vc_column width=&#8221;1\/3&#8243;][vc_column_text css_animation=&#8221;zoomIn&#8221;]<\/p>\n<p style=\"text-align: center;\"><a style=\"text-decoration: none;\" href=\"https:\/\/api.whatsapp.com\/send?phone=14374282846\"><span class=\"ver1\">Contact Us<\/span><\/a><\/p>\n<p>[\/vc_column_text][\/vc_column][\/vc_row][vc_row css=&#8221;.vc_custom_1747789800588{margin-top: 3% !important;border-top-width: 1px !important;border-right-width: 1px !important;border-bottom-width: 1px !important;border-left-width: 1px !important;padding-top: 3% !important;padding-right: 3% !important;padding-bottom: 1% !important;padding-left: 3% !important;border-left-color: #d1d1d1 !important;border-left-style: solid !important;border-right-color: #d1d1d1 !important;border-right-style: solid !important;border-top-color: #d1d1d1 !important;border-top-style: solid !important;border-bottom-color: #d1d1d1 !important;border-bottom-style: solid !important;border-radius: 5px !important;}&#8221; conditional_render=&#8221;%5B%7B%22value_role%22%3A%22administrator%22%7D%5D&#8221;][vc_column][vc_row_inner content_placement=&#8221;bottom&#8221;][vc_column_inner width=&#8221;2\/3&#8243;][vc_column_text css_animation=&#8221;zoomIn&#8221;]<\/p>\n<p style=\"font-size: 12pt; text-align: left;\"><strong>Adriana De La Rosa<\/strong>, Director, Fundaci\u00f3n Posada de Mois\u00e9s<\/p>\n<p>[\/vc_column_text][\/vc_column_inner][vc_column_inner width=&#8221;1\/3&#8243;][vc_column_text css_animation=&#8221;zoomIn&#8221;]<\/p>\n<p style=\"text-align: right;\"><img loading=\"lazy\" decoding=\"async\" class=\"alignnone wp-image-233\" src=\"\/english\/wp-content\/uploads\/2025\/05\/19-300x188.jpg\" alt=\"\" width=\"161\" height=\"101\" \/><\/p>\n<p>[\/vc_column_text][\/vc_column_inner][\/vc_row_inner][vc_column_text css_animation=&#8221;zoomIn&#8221;]<\/p>\n<p style=\"font-size: 12pt;\">I am Adriana De La Rosa, the Director of Fundaci\u00f3n Posada de Mois\u00e9s, located in Medell\u00edn, Colombia. The foundation has been established for 23 years, and I have been its Director and legal representative for 18 years.<\/p>\n<p style=\"font-size: 12pt;\">Personally, I never liked being involved in the world of social media, and honestly, I didn\u2019t see its importance (how wrong I was). For 15 years, I promoted the foundation among acquaintances, family, and by referrals. Later, we opened social media accounts for the foundation\u2014Facebook and Instagram\u2014in a very simple way and, above all, without any knowledge.<\/p>\n<p style=\"font-size: 12pt;\">Years went by until I met Caro Correa and Lina Brand from BrandCore. With great patience, care, and professionalism, they helped me realize the importance of having social media managed by professionals, using carefully crafted, authentic images\u2014that is, photos of the children, who are our reason for being. They explained how to run paid campaigns, how monthly content calendars should be created to promote campaigns and all the activities involving the children.<\/p>\n<p style=\"font-size: 12pt;\">They showed me that every post must be engaging enough to motivate followers to support the foundation. They make many valuable recommendations for the benefit of the foundation.<\/p>\n<p style=\"font-size: 12pt;\">We completely revamped the foundation\u2019s corporate image, hold monthly meetings to plan the next month\u2019s content calendar, and started gathering all the materials\u2014photos, videos, and content.<\/p>\n<p style=\"font-size: 12pt;\">The impact of these changes on the foundation\u2019s social media has been so significant that followers and donors have expressed very positive feedback about the new images, posts, paid campaigns, and especially about staying informed on the children\u2019s activities, campaigns, ways to get involved, and the best result\u2014the increase in followers.<\/p>\n<p style=\"font-size: 12pt;\">As I have always told Caro and Lina, I only have words of gratitude for everything they have done for the foundation, for their sense of belonging and dedication. They opened my eyes and removed the blindfold I had about social media. Thanks to them, the foundation has grown in followers, donors, positive impact, and visibility.<\/p>\n<p style=\"font-size: 12pt;\">Thank you for everything you do, for always monitoring the campaigns, knowing when to strengthen or change the strategy. Infinite thanks. May God bless your knowledge and professionalism. I love you both very much.<\/p>\n<p>[\/vc_column_text][\/vc_column][\/vc_row][vc_row css=&#8221;.vc_custom_1747789662277{margin-top: 3% !important;border-top-width: 1px !important;border-right-width: 1px !important;border-bottom-width: 1px !important;border-left-width: 1px !important;padding-top: 3% !important;padding-right: 3% !important;padding-bottom: 1% !important;padding-left: 3% !important;background-color: #ededed !important;border-radius: 5px !important;}&#8221; conditional_render=&#8221;%5B%7B%22value_role%22%3A%22administrator%22%7D%5D&#8221;][vc_column][vc_row_inner content_placement=&#8221;bottom&#8221;][vc_column_inner width=&#8221;2\/3&#8243;][vc_column_text css_animation=&#8221;zoomIn&#8221;]<\/p>\n<p style=\"font-size: 12pt; text-align: left;\"><strong>Camila Vel\u00e1squez,<\/strong> General Manager, Visas en L\u00ednea<\/p>\n<p>[\/vc_column_text][\/vc_column_inner][vc_column_inner width=&#8221;1\/3&#8243;][vc_column_text css_animation=&#8221;zoomIn&#8221;]<\/p>\n<p style=\"text-align: right;\"><img loading=\"lazy\" decoding=\"async\" class=\"alignnone wp-image-233\" src=\"\/english\/wp-content\/uploads\/2025\/05\/18.jpg\" alt=\"\" width=\"161\" height=\"101\" \/><\/p>\n<p>[\/vc_column_text][\/vc_column_inner][\/vc_row_inner][vc_column_text css_animation=&#8221;zoomIn&#8221;]<\/p>\n<p style=\"font-size: 12pt;\">Lina Brand and Caro Correa from BrandCore Social Hub are simply exceptional in social media management, administration, and design. I have been working with them for over two years, and I couldn\u2019t be more satisfied. They are top professionals who provide personalized attention that truly reflects their commitment and empathy. They listen carefully to every need and deliver results that exceed expectations.<br \/>\n100% recommended!<\/p>\n<p>[\/vc_column_text][\/vc_column][\/vc_row][vc_row css=&#8221;.vc_custom_1747789693158{margin-top: 3% !important;border-top-width: 1px !important;border-right-width: 1px !important;border-bottom-width: 1px !important;border-left-width: 1px !important;padding-top: 3% !important;padding-right: 3% !important;padding-bottom: 1% !important;padding-left: 3% !important;border-left-color: #d1d1d1 !important;border-left-style: solid !important;border-right-color: #d1d1d1 !important;border-right-style: solid !important;border-top-color: #d1d1d1 !important;border-top-style: solid !important;border-bottom-color: #d1d1d1 !important;border-bottom-style: solid !important;border-radius: 5px !important;}&#8221; conditional_render=&#8221;%5B%7B%22value_role%22%3A%22administrator%22%7D%5D&#8221;][vc_column][vc_row_inner content_placement=&#8221;bottom&#8221;][vc_column_inner width=&#8221;2\/3&#8243;][vc_column_text css_animation=&#8221;zoomIn&#8221;]<\/p>\n<p style=\"font-size: 12pt; text-align: left;\"><strong>Diana Mart\u00ednez,<\/strong> Belladerma Micropigmentation<\/p>\n<p>[\/vc_column_text][\/vc_column_inner][vc_column_inner width=&#8221;1\/3&#8243;][vc_column_text css_animation=&#8221;zoomIn&#8221;]<\/p>\n<p style=\"text-align: right;\"><img loading=\"lazy\" decoding=\"async\" class=\"alignnone wp-image-233\" src=\"\/english\/wp-content\/uploads\/2025\/05\/16.jpg\" alt=\"\" width=\"161\" height=\"101\" \/><\/p>\n<p>[\/vc_column_text][\/vc_column_inner][\/vc_row_inner][vc_column_text css_animation=&#8221;zoomIn&#8221;]<\/p>\n<p style=\"font-size: 12pt;\">After several negative experiences with other social media management and graphic design companies\u2014where they demanded upfront payment and then never responded again, or did just the bare minimum\u2014I was very fortunate to find BRANDCORE SOCIAL HUB.<\/p>\n<p style=\"font-size: 12pt;\">This team pleasantly surprised me with their honesty and commitment to my brand, as well as the kindness and time they took to truly connect with what I wanted to convey in my business.<\/p>\n<p>[\/vc_column_text][\/vc_column][\/vc_row]<\/p>\n<\/div>","protected":false},"excerpt":{"rendered":"<p>[vc_row content_placement=&#8221;middle&#8221; css=&#8221;.vc_custom_1747789155479{margin-top: 5% !important;}&#8221; conditional_render=&#8221;%5B%7B%22value_role%22%3A%22administrator%22%7D%5D&#8221;][vc_column width=&#8221;2\/3&#8243;][vc_column_text css_animation=&#8221;zoomIn&#8221;] Success stories Real feedback from those who trusted us. [\/vc_column_text][\/vc_column][vc_column width=&#8221;1\/3&#8243;][vc_column_text css_animation=&#8221;zoomIn&#8221;] Contact Us [\/vc_column_text][\/vc_column][\/vc_row][vc_row css=&#8221;.vc_custom_1747789800588{margin-top: 3% !important;border-top-width: 1px !important;border-right-width: 1px !important;border-bottom-width: 1px !important;border-left-width: 1px !important;padding-top: 3% !important;padding-right: 3% !important;padding-bottom: 1% !important;padding-left: 3% !important;border-left-color: #d1d1d1 !important;border-left-style: solid !important;border-right-color: #d1d1d1 !important;border-right-style: solid !important;border-top-color: #d1d1d1 !important;border-top-style: solid !important;border-bottom-color: #d1d1d1 [&hellip;]<\/p>\n","protected":false},"author":1,"featured_media":0,"parent":0,"menu_order":0,"comment_status":"closed","ping_status":"closed","template":"","meta":{"footnotes":""},"class_list":["post-26","page","type-page","status-publish","hentry"],"yoast_head":"<!-- This site is optimized with the Yoast SEO plugin v25.2 - https:\/\/yoast.com\/wordpress\/plugins\/seo\/ -->\n<title>Success stories - Brand Core Social Hub<\/title>\n<meta name=\"robots\" content=\"index, follow, max-snippet:-1, max-image-preview:large, max-video-preview:-1\" \/>\n<link rel=\"canonical\" href=\"https:\/\/www.brandcoresocialhub.co\/english\/success-stories\/\" \/>\n<meta property=\"og:locale\" content=\"en_US\" \/>\n<meta property=\"og:type\" content=\"article\" \/>\n<meta property=\"og:title\" content=\"Success stories - Brand Core Social Hub\" \/>\n<meta property=\"og:description\" content=\"[vc_row content_placement=&#8221;middle&#8221; css=&#8221;.vc_custom_1747789155479{margin-top: 5% !important;}&#8221; conditional_render=&#8221;%5B%7B%22value_role%22%3A%22administrator%22%7D%5D&#8221;][vc_column width=&#8221;2\/3&#8243;][vc_column_text css_animation=&#8221;zoomIn&#8221;] Success stories Real feedback from those who trusted us. [\/vc_column_text][\/vc_column][vc_column width=&#8221;1\/3&#8243;][vc_column_text css_animation=&#8221;zoomIn&#8221;] Contact Us [\/vc_column_text][\/vc_column][\/vc_row][vc_row css=&#8221;.vc_custom_1747789800588{margin-top: 3% !important;border-top-width: 1px !important;border-right-width: 1px !important;border-bottom-width: 1px !important;border-left-width: 1px !important;padding-top: 3% !important;padding-right: 3% !important;padding-bottom: 1% !important;padding-left: 3% !important;border-left-color: #d1d1d1 !important;border-left-style: solid !important;border-right-color: #d1d1d1 !important;border-right-style: solid !important;border-top-color: #d1d1d1 !important;border-top-style: solid !important;border-bottom-color: #d1d1d1 [&hellip;]\" \/>\n<meta property=\"og:url\" content=\"https:\/\/www.brandcoresocialhub.co\/english\/success-stories\/\" \/>\n<meta property=\"og:site_name\" content=\"Brand Core Social Hub\" \/>\n<meta property=\"article:modified_time\" content=\"2025-05-23T17:58:09+00:00\" \/>\n<meta property=\"og:image\" content=\"https:\/\/www.brandcoresocialhub.co\/english\/wp-content\/uploads\/2025\/05\/logo.png\" \/>\n\t<meta property=\"og:image:width\" content=\"643\" \/>\n\t<meta property=\"og:image:height\" content=\"217\" \/>\n\t<meta property=\"og:image:type\" content=\"image\/png\" \/>\n<meta name=\"twitter:card\" content=\"summary_large_image\" \/>\n<meta name=\"twitter:label1\" content=\"Est. reading time\" \/>\n\t<meta name=\"twitter:data1\" content=\"5 minutes\" \/>\n<script type=\"application\/ld+json\" class=\"yoast-schema-graph\">{\"@context\":\"https:\/\/schema.org\",\"@graph\":[{\"@type\":\"WebPage\",\"@id\":\"https:\/\/www.brandcoresocialhub.co\/english\/success-stories\/\",\"url\":\"https:\/\/www.brandcoresocialhub.co\/english\/success-stories\/\",\"name\":\"Success stories - Brand Core Social Hub\",\"isPartOf\":{\"@id\":\"https:\/\/www.brandcoresocialhub.co\/english\/#website\"},\"datePublished\":\"2025-05-19T20:55:55+00:00\",\"dateModified\":\"2025-05-23T17:58:09+00:00\",\"breadcrumb\":{\"@id\":\"https:\/\/www.brandcoresocialhub.co\/english\/success-stories\/#breadcrumb\"},\"inLanguage\":\"en-US\",\"potentialAction\":[{\"@type\":\"ReadAction\",\"target\":[\"https:\/\/www.brandcoresocialhub.co\/english\/success-stories\/\"]}]},{\"@type\":\"BreadcrumbList\",\"@id\":\"https:\/\/www.brandcoresocialhub.co\/english\/success-stories\/#breadcrumb\",\"itemListElement\":[{\"@type\":\"ListItem\",\"position\":1,\"name\":\"Home\",\"item\":\"https:\/\/www.brandcoresocialhub.co\/english\/\"},{\"@type\":\"ListItem\",\"position\":2,\"name\":\"Success stories\"}]},{\"@type\":\"WebSite\",\"@id\":\"https:\/\/www.brandcoresocialhub.co\/english\/#website\",\"url\":\"https:\/\/www.brandcoresocialhub.co\/english\/\",\"name\":\"Brand Core Social Hub\",\"description\":\"Branding With Purpose | Professional Graphic Design\",\"publisher\":{\"@id\":\"https:\/\/www.brandcoresocialhub.co\/english\/#organization\"},\"potentialAction\":[{\"@type\":\"SearchAction\",\"target\":{\"@type\":\"EntryPoint\",\"urlTemplate\":\"https:\/\/www.brandcoresocialhub.co\/english\/?s={search_term_string}\"},\"query-input\":{\"@type\":\"PropertyValueSpecification\",\"valueRequired\":true,\"valueName\":\"search_term_string\"}}],\"inLanguage\":\"en-US\"},{\"@type\":\"Organization\",\"@id\":\"https:\/\/www.brandcoresocialhub.co\/english\/#organization\",\"name\":\"Brand Core Social Hub\",\"url\":\"https:\/\/www.brandcoresocialhub.co\/english\/\",\"logo\":{\"@type\":\"ImageObject\",\"inLanguage\":\"en-US\",\"@id\":\"https:\/\/www.brandcoresocialhub.co\/english\/#\/schema\/logo\/image\/\",\"url\":\"https:\/\/www.brandcoresocialhub.co\/english\/wp-content\/uploads\/2025\/05\/logo.png\",\"contentUrl\":\"https:\/\/www.brandcoresocialhub.co\/english\/wp-content\/uploads\/2025\/05\/logo.png\",\"width\":643,\"height\":217,\"caption\":\"Brand Core Social Hub\"},\"image\":{\"@id\":\"https:\/\/www.brandcoresocialhub.co\/english\/#\/schema\/logo\/image\/\"}}]}<\/script>\n<!-- \/ Yoast SEO plugin. -->","yoast_head_json":{"title":"Success stories - Brand Core Social Hub","robots":{"index":"index","follow":"follow","max-snippet":"max-snippet:-1","max-image-preview":"max-image-preview:large","max-video-preview":"max-video-preview:-1"},"canonical":"https:\/\/www.brandcoresocialhub.co\/english\/success-stories\/","og_locale":"en_US","og_type":"article","og_title":"Success stories - Brand Core Social Hub","og_description":"[vc_row content_placement=&#8221;middle&#8221; css=&#8221;.vc_custom_1747789155479{margin-top: 5% !important;}&#8221; conditional_render=&#8221;%5B%7B%22value_role%22%3A%22administrator%22%7D%5D&#8221;][vc_column width=&#8221;2\/3&#8243;][vc_column_text css_animation=&#8221;zoomIn&#8221;] Success stories Real feedback from those who trusted us. [\/vc_column_text][\/vc_column][vc_column width=&#8221;1\/3&#8243;][vc_column_text css_animation=&#8221;zoomIn&#8221;] Contact Us [\/vc_column_text][\/vc_column][\/vc_row][vc_row css=&#8221;.vc_custom_1747789800588{margin-top: 3% !important;border-top-width: 1px !important;border-right-width: 1px !important;border-bottom-width: 1px !important;border-left-width: 1px !important;padding-top: 3% !important;padding-right: 3% !important;padding-bottom: 1% !important;padding-left: 3% !important;border-left-color: #d1d1d1 !important;border-left-style: solid !important;border-right-color: #d1d1d1 !important;border-right-style: solid !important;border-top-color: #d1d1d1 !important;border-top-style: solid !important;border-bottom-color: #d1d1d1 [&hellip;]","og_url":"https:\/\/www.brandcoresocialhub.co\/english\/success-stories\/","og_site_name":"Brand Core Social Hub","article_modified_time":"2025-05-23T17:58:09+00:00","og_image":[{"width":643,"height":217,"url":"https:\/\/www.brandcoresocialhub.co\/english\/wp-content\/uploads\/2025\/05\/logo.png","type":"image\/png"}],"twitter_card":"summary_large_image","twitter_misc":{"Est. reading time":"5 minutes"},"schema":{"@context":"https:\/\/schema.org","@graph":[{"@type":"WebPage","@id":"https:\/\/www.brandcoresocialhub.co\/english\/success-stories\/","url":"https:\/\/www.brandcoresocialhub.co\/english\/success-stories\/","name":"Success stories - Brand Core Social Hub","isPartOf":{"@id":"https:\/\/www.brandcoresocialhub.co\/english\/#website"},"datePublished":"2025-05-19T20:55:55+00:00","dateModified":"2025-05-23T17:58:09+00:00","breadcrumb":{"@id":"https:\/\/www.brandcoresocialhub.co\/english\/success-stories\/#breadcrumb"},"inLanguage":"en-US","potentialAction":[{"@type":"ReadAction","target":["https:\/\/www.brandcoresocialhub.co\/english\/success-stories\/"]}]},{"@type":"BreadcrumbList","@id":"https:\/\/www.brandcoresocialhub.co\/english\/success-stories\/#breadcrumb","itemListElement":[{"@type":"ListItem","position":1,"name":"Home","item":"https:\/\/www.brandcoresocialhub.co\/english\/"},{"@type":"ListItem","position":2,"name":"Success stories"}]},{"@type":"WebSite","@id":"https:\/\/www.brandcoresocialhub.co\/english\/#website","url":"https:\/\/www.brandcoresocialhub.co\/english\/","name":"Brand Core Social Hub","description":"Branding With Purpose | Professional Graphic Design","publisher":{"@id":"https:\/\/www.brandcoresocialhub.co\/english\/#organization"},"potentialAction":[{"@type":"SearchAction","target":{"@type":"EntryPoint","urlTemplate":"https:\/\/www.brandcoresocialhub.co\/english\/?s={search_term_string}"},"query-input":{"@type":"PropertyValueSpecification","valueRequired":true,"valueName":"search_term_string"}}],"inLanguage":"en-US"},{"@type":"Organization","@id":"https:\/\/www.brandcoresocialhub.co\/english\/#organization","name":"Brand Core Social Hub","url":"https:\/\/www.brandcoresocialhub.co\/english\/","logo":{"@type":"ImageObject","inLanguage":"en-US","@id":"https:\/\/www.brandcoresocialhub.co\/english\/#\/schema\/logo\/image\/","url":"https:\/\/www.brandcoresocialhub.co\/english\/wp-content\/uploads\/2025\/05\/logo.png","contentUrl":"https:\/\/www.brandcoresocialhub.co\/english\/wp-content\/uploads\/2025\/05\/logo.png","width":643,"height":217,"caption":"Brand Core Social Hub"},"image":{"@id":"https:\/\/www.brandcoresocialhub.co\/english\/#\/schema\/logo\/image\/"}}]}},"_links":{"self":[{"href":"https:\/\/www.brandcoresocialhub.co\/english\/wp-json\/wp\/v2\/pages\/26","targetHints":{"allow":["GET"]}}],"collection":[{"href":"https:\/\/www.brandcoresocialhub.co\/english\/wp-json\/wp\/v2\/pages"}],"about":[{"href":"https:\/\/www.brandcoresocialhub.co\/english\/wp-json\/wp\/v2\/types\/page"}],"author":[{"embeddable":true,"href":"https:\/\/www.brandcoresocialhub.co\/english\/wp-json\/wp\/v2\/users\/1"}],"replies":[{"embeddable":true,"href":"https:\/\/www.brandcoresocialhub.co\/english\/wp-json\/wp\/v2\/comments?post=26"}],"version-history":[{"count":0,"href":"https:\/\/www.brandcoresocialhub.co\/english\/wp-json\/wp\/v2\/pages\/26\/revisions"}],"wp:attachment":[{"href":"https:\/\/www.brandcoresocialhub.co\/english\/wp-json\/wp\/v2\/media?parent=26"}],"curies":[{"name":"wp","href":"https:\/\/api.w.org\/{rel}","templated":true}]}}